{"id":56,"date":"2018-06-25T15:59:39","date_gmt":"2018-06-25T13:59:39","guid":{"rendered":"http:\/\/www.hpisound.com\/?page_id=56"},"modified":"2022-06-08T10:00:34","modified_gmt":"2022-06-08T08:00:34","slug":"music-samples","status":"publish","type":"page","link":"https:\/\/hpisound.com\/fr\/music-samples\/","title":{"rendered":"Extraits Musicaux"},"content":{"rendered":"<p class=\"has-text-align-center\">Voici une s\u00e9lection de courts extraits, de mes r\u00e9alisations,<br> class\u00e9s par style :<\/p>\n\n\n\n<div class=\"wp-block-buttons is-content-justification-center is-layout-flex wp-container-core-buttons-is-layout-5590e8cb wp-block-buttons-is-layout-flex\">\n<div class=\"wp-block-button has-custom-font-size\" style=\"font-size:11px\"><a class=\"wp-block-button__link\" href=\"#orch_action\">Orchestral\/Action<\/a><\/div>\n\n\n\n<div class=\"wp-block-button has-custom-font-size\" style=\"font-size:11px\"><a class=\"wp-block-button__link\" href=\"#orch_ambient\">Orchestral\/Ambient<\/a><\/div>\n\n\n\n<div class=\"wp-block-button has-custom-font-size\" style=\"font-size:11px\"><a class=\"wp-block-button__link\" href=\"#rock\">Rock\/Metal<\/a><\/div>\n\n\n\n<div class=\"wp-block-button has-custom-font-size\" style=\"font-size:11px\"><a class=\"wp-block-button__link\" href=\"#urban\">Urban\/Pop<\/a><\/div>\n\n\n\n<div class=\"wp-block-button has-custom-font-size\" style=\"font-size:11px\"><a class=\"wp-block-button__link\" href=\"#electro_action\">Electro\/Action<\/a><\/div>\n\n\n\n<div class=\"wp-block-button has-custom-font-size is-style-fill\" style=\"font-size:11px\"><a class=\"wp-block-button__link\" href=\"#electro_ambient\">Electro\/Ambient<\/a><\/div>\n\n\n\n<div class=\"wp-block-button has-custom-font-size\" style=\"font-size:11px\"><a class=\"wp-block-button__link\" href=\"#dark\">Dark\/Ethnic<\/a><\/div>\n\n\n\n<div class=\"wp-block-button has-custom-font-size\" style=\"font-size:11px\"><a class=\"wp-block-button__link\" href=\"#kids\">Kids\/Fun<\/a><\/div>\n\n\n\n<div class=\"wp-block-button has-custom-font-size\" style=\"font-size:11px\"><a class=\"wp-block-button__link\" href=\"#jazz\">Jazzy<\/a><\/div>\n\n\n\n<div class=\"wp-block-button has-custom-font-size is-style-fill\" style=\"font-size:11px\"><a class=\"wp-block-button__link\" href=\"#jrpg\">JRPG<\/a><\/div>\n<\/div>\n\n\n\n<p><\/p>\n\n\n\n<p><\/p>\n\n\n<div style=\"float: left;\">\n<p style=\"text-align: center;\" id=\"orch_action\"><strong>Action \/\/ Orchestral<\/strong><br><iframe src=\"https:\/\/w.soundcloud.com\/player\/?url=https%3A\/\/api.soundcloud.com\/playlists\/144733534&amp;color=e99708&amp;auto_play=false&amp;hide_related=true&amp;show_comments=true&amp;show_user=false&amp;show_reposts=false\" width=\"370\" height=\"310\" frameborder=\"no\" scrolling=\"no\"><\/iframe><\/p>\n<\/div>\n<div style=\"float: right;\">\n<p style=\"text-align: center;\" id=\"orch_ambient\"><strong>Ambient \/\/ Orchestral<\/strong><br><iframe src=\"https:\/\/w.soundcloud.com\/player\/?url=https%3A\/\/api.soundcloud.com\/playlists\/261040792&amp;color=e99708&amp;auto_play=false&amp;hide_related=false&amp;show_comments=true&amp;show_user=false&amp;show_reposts=false\" width=\"370\" height=\"310\" frameborder=\"no\"><\/iframe><\/p>\n<\/div>\n<div style=\"float: left;\">\n<p style=\"text-align: center;\" id=\"rock\"><strong>Rock\/Metal<\/strong><br><iframe src=\"https:\/\/w.soundcloud.com\/player\/?url=https%3A\/\/api.soundcloud.com\/playlists\/144732088&amp;color=e99708&amp;auto_play=false&amp;hide_related=false&amp;show_comments=false&amp;show_user=false&amp;show_reposts=false\" width=\"370\" height=\"310\" frameborder=\"no\" scrolling=\"no\"><\/iframe><\/p>\n<\/div>\n<div style=\"float: right;\">\n<p style=\"text-align: center;\" id=\"urban\"><strong>Urban\/Pop<\/strong><br><iframe src=\"https:\/\/w.soundcloud.com\/player\/?url=https%3A\/\/api.soundcloud.com\/playlists\/209067508&amp;color=e99708&amp;auto_play=false&amp;hide_related=false&amp;show_comments=true&amp;show_user=false&amp;show_reposts=false\" width=\"370\" height=\"310\" frameborder=\"no\" scrolling=\"no\"><\/iframe><\/p>\n<\/div>\n<div style=\"float: left;\">\n<p style=\"text-align: center;\" id=\"electro_action\"><strong>Electronic \/\/ Action<\/strong><br><iframe src=\"https:\/\/w.soundcloud.com\/player\/?url=https%3A\/\/api.soundcloud.com\/playlists\/261040505&amp;color=e99708&amp;auto_play=false&amp;hide_related=false&amp;show_comments=true&amp;show_user=false&amp;show_reposts=false&amp;show_teaser=true&amp;visual=false\" width=\"370\" height=\"310\" frameborder=\"no\" scrolling=\"no\"><\/iframe><\/p>\n<\/div>\n<div style=\"float: right;\">\n<p style=\"text-align: center;\" id=\"electro_ambient\"><strong>Electronic \/\/ Ambient<\/strong><br><iframe src=\"https:\/\/w.soundcloud.com\/player\/?url=https%3A\/\/api.soundcloud.com\/playlists\/261040016&amp;color=e99708&amp;auto_play=false&amp;hide_related=false&amp;show_comments=true&amp;show_user=false&amp;show_reposts=false&amp;visual=false\" width=\"370\" height=\"310\" frameborder=\"no\" scrolling=\"no\"><\/iframe><\/p>\n<\/div>\n<div style=\"float: left;\">\n<p style=\"text-align: center;\" id=\"dark\"><strong>Dark\/Ethnic<\/strong><br><iframe src=\"https:\/\/w.soundcloud.com\/player\/?url=https%3A\/\/api.soundcloud.com\/playlists\/209059650&amp;color=e99708&amp;auto_play=false&amp;hide_related=false&amp;show_comments=true&amp;show_user=false&amp;show_reposts=false\" width=\"370\" height=\"310\" frameborder=\"no\" scrolling=\"no\"><\/iframe><\/p>\n<\/div>\n<div style=\"float: right;\">\n<p style=\"text-align: center;\" id=\"kids\"><strong>Kids\/Fun<\/strong><br><iframe src=\"https:\/\/w.soundcloud.com\/player\/?url=https%3A\/\/api.soundcloud.com\/playlists\/144730906&amp;color=e99708&amp;auto_play=false&amp;hide_related=false&amp;show_comments=true&amp;show_user=false&amp;show_reposts=false\" width=\"370\" height=\"310\" frameborder=\"no\" scrolling=\"no\"><\/iframe><\/p>\n<\/div>\n<div style=\"float: left;\">\n<p style=\"text-align: center;\" id=\"jazz\"><strong>Jazzy<\/strong><br><iframe src=\"https:\/\/w.soundcloud.com\/player\/?url=https%3A\/\/api.soundcloud.com\/playlists\/144725591&amp;color=e99708&amp;auto_play=false&amp;hide_related=false&amp;show_comments=true&amp;show_user=false&amp;show_reposts=false\" width=\"370\" height=\"310\" frameborder=\"no\" scrolling=\"no\"><\/iframe><\/p>\n<\/div>\n<div style=\"float: right;\">\n<p style=\"text-align: center;\" id=\"jrpg\"><strong>JRPG<\/strong><br><iframe src=\"https:\/\/w.soundcloud.com\/player\/?url=https%3A\/\/api.soundcloud.com\/playlists\/1343859031&amp;color=e99708&amp;auto_play=false&amp;hide_related=false&amp;show_comments=true&amp;show_user=false&amp;show_reposts=false&amp;show_teaser=true&amp;visual=false\" width=\"370\" height=\"310\" frameborder=\"no\" scrolling=\"no\"><\/iframe><\/p>\n<\/div>","protected":false},"excerpt":{"rendered":"<p>Here&#8217;s a selection of short extracts, from my previous works, sorted by Style : Action \/\/ Orchestral Ambient \/\/ Orchestral Rock\/Metal Urban\/Pop Electronic \/\/ Action Electronic \/\/ Ambient Dark\/Ethnic Kids\/Fun Jazzy JRPG<\/p>","protected":false},"author":1,"featured_media":0,"parent":0,"menu_order":0,"comment_status":"closed","ping_status":"closed","template":"","meta":{"footnotes":""},"class_list":["post-56","page","type-page","status-publish","hentry"],"_links":{"self":[{"href":"https:\/\/hpisound.com\/fr\/wp-json\/wp\/v2\/pages\/56","targetHints":{"allow":["GET"]}}],"collection":[{"href":"https:\/\/hpisound.com\/fr\/wp-json\/wp\/v2\/pages"}],"about":[{"href":"https:\/\/hpisound.com\/fr\/wp-json\/wp\/v2\/types\/page"}],"author":[{"embeddable":true,"href":"https:\/\/hpisound.com\/fr\/wp-json\/wp\/v2\/users\/1"}],"replies":[{"embeddable":true,"href":"https:\/\/hpisound.com\/fr\/wp-json\/wp\/v2\/comments?post=56"}],"version-history":[{"count":49,"href":"https:\/\/hpisound.com\/fr\/wp-json\/wp\/v2\/pages\/56\/revisions"}],"predecessor-version":[{"id":3227,"href":"https:\/\/hpisound.com\/fr\/wp-json\/wp\/v2\/pages\/56\/revisions\/3227"}],"wp:attachment":[{"href":"https:\/\/hpisound.com\/fr\/wp-json\/wp\/v2\/media?parent=56"}],"curies":[{"name":"wp","href":"https:\/\/api.w.org\/{rel}","templated":true}]}}