{"id":52,"date":"2018-06-25T15:59:08","date_gmt":"2018-06-25T13:59:08","guid":{"rendered":"http:\/\/www.hpisound.com\/?page_id=52"},"modified":"2021-04-09T12:08:00","modified_gmt":"2021-04-09T10:08:00","slug":"contact","status":"publish","type":"page","link":"https:\/\/hpisound.com\/fr\/contact\/","title":{"rendered":"Contact"},"content":{"rendered":"<p align=\"center\">D\u00e9couvrez<strong> H-Pi<\/strong>, cliquez sur les liens ci-dessous<\/p>\n<p style=\"text-align: center;\"><a href=\"https:\/\/audiojungle.net\/user\/hpisound\/portfolio\" target=\"_blank\" rel=\"noopener\"><img decoding=\"async\" class=\"alignnone wp-image-80 size-full\" src=\"https:\/\/hpisound.com\/wp-content\/uploads\/2018\/06\/audiojungle.png\" alt=\"\" width=\"41\" height=\"44\" \/><\/a> <a href=\"https:\/\/hpisound.bandcamp.com\/\" target=\"_blank\" rel=\"noopener\"><img decoding=\"async\" class=\"alignnone wp-image-81 size-full\" src=\"https:\/\/hpisound.com\/wp-content\/uploads\/2018\/06\/bandcamp.png\" alt=\"\" width=\"44\" height=\"44\" \/><\/a> <a href=\"https:\/\/twitter.com\/hpisound\" target=\"_blank\" rel=\"noopener\"><img decoding=\"async\" class=\"alignnone wp-image-78 size-full\" src=\"https:\/\/hpisound.com\/wp-content\/uploads\/2018\/06\/twitter.png\" alt=\"\" width=\"44\" height=\"44\" \/><\/a> <a href=\"https:\/\/www.youtube.com\/c\/BassOfDutyTV\" target=\"_blank\" rel=\"noopener\"><img loading=\"lazy\" decoding=\"async\" class=\"alignnone wp-image-79 size-full\" src=\"https:\/\/hpisound.com\/wp-content\/uploads\/2018\/06\/youtube.png\" alt=\"\" width=\"44\" height=\"44\" \/><\/a> <a href=\"https:\/\/soundcloud.com\/h-pi\" target=\"_blank\" rel=\"noopener\"><img loading=\"lazy\" decoding=\"async\" class=\"alignnone wp-image-77 size-full\" src=\"https:\/\/hpisound.com\/wp-content\/uploads\/2018\/06\/soundcloud.png\" alt=\"\" width=\"44\" height=\"44\" \/><\/a> <a href=\"https:\/\/www.linkedin.com\/in\/hpisound\/\" target=\"_blank\" rel=\"noopener\"><img loading=\"lazy\" decoding=\"async\" class=\"alignnone wp-image-76 size-full\" src=\"https:\/\/hpisound.com\/wp-content\/uploads\/2018\/06\/linkedin.png\" alt=\"\" width=\"44\" height=\"44\" \/><\/a> <a href=\"https:\/\/www.facebook.com\/hpisound\" target=\"_blank\" rel=\"noopener\"><img loading=\"lazy\" decoding=\"async\" class=\"alignnone wp-image-75 size-full\" src=\"https:\/\/hpisound.com\/wp-content\/uploads\/2018\/06\/facebook.png\" alt=\"\" width=\"44\" height=\"44\" \/><\/a><\/p>\n<p align=\"center\"><strong>SERVICES :<\/strong><br \/>Musique Lin\u00e9aire ou Interactive (Jeu Vid\u00e9o, Film, Publicit\u00e9,...)<br \/>allant du petit budget (Synth\u00e9s, Plug-ins)<br \/>\u00e0 l'orchestre philharmonique live.<br \/>Enregistrement de basse \u00e9lectrique<br \/>Design Sonore<br \/>Enregistrement de musicien ou chanteur (Banlieue Parisienne)<\/p>\n<p style=\"text-align: center;\"><em>Pour toute demande, Utilisez le formulaire ci-dessous :<\/em><\/p>\n<p style=\"text-align: center;\">\n<div class=\"wpcf7 no-js\" id=\"wpcf7-f131-o1\" lang=\"fr-FR\" dir=\"ltr\" data-wpcf7-id=\"131\">\n<div class=\"screen-reader-response\"><p role=\"status\" aria-live=\"polite\" aria-atomic=\"true\"><\/p> <ul><\/ul><\/div>\n<form action=\"\/fr\/wp-json\/wp\/v2\/pages\/52#wpcf7-f131-o1\" method=\"post\" class=\"wpcf7-form init\" aria-label=\"Formulaire de contact\" novalidate=\"novalidate\" data-status=\"init\" data-trp-original-action=\"\/fr\/wp-json\/wp\/v2\/pages\/52#wpcf7-f131-o1\">\n<fieldset class=\"hidden-fields-container\"><input type=\"hidden\" name=\"_wpcf7\" value=\"131\" \/><input type=\"hidden\" name=\"_wpcf7_version\" value=\"6.1.5\" \/><input type=\"hidden\" name=\"_wpcf7_locale\" value=\"fr_FR\" \/><input type=\"hidden\" name=\"_wpcf7_unit_tag\" value=\"wpcf7-f131-o1\" \/><input type=\"hidden\" name=\"_wpcf7_container_post\" value=\"0\" \/><input type=\"hidden\" name=\"_wpcf7_posted_data_hash\" value=\"\" \/><input type=\"hidden\" name=\"_wpcf7_recaptcha_response\" value=\"\" \/>\n<\/fieldset>\n<p><label> Nom<br \/>\n<span class=\"wpcf7-form-control-wrap\" data-name=\"your-name\"><input size=\"40\" maxlength=\"400\" class=\"wpcf7-form-control wpcf7-text wpcf7-validates-as-required\" aria-required=\"true\" aria-invalid=\"false\" value=\"\" type=\"text\" name=\"your-name\" \/><\/span> <\/label>\n<\/p>\n<p><label> Adresse e-mail<br \/>\n<span class=\"wpcf7-form-control-wrap\" data-name=\"your-email\"><input size=\"40\" maxlength=\"400\" class=\"wpcf7-form-control wpcf7-email wpcf7-validates-as-required wpcf7-text wpcf7-validates-as-email\" aria-required=\"true\" aria-invalid=\"false\" value=\"\" type=\"email\" name=\"your-email\" \/><\/span> <\/label>\n<\/p>\n<p><label> Sujet<br \/>\n<span class=\"wpcf7-form-control-wrap\" data-name=\"your-subject\"><input size=\"40\" maxlength=\"400\" class=\"wpcf7-form-control wpcf7-text\" aria-invalid=\"false\" value=\"\" type=\"text\" name=\"your-subject\" \/><\/span> <\/label>\n<\/p>\n<p><label> Votre Message<br \/>\n<span class=\"wpcf7-form-control-wrap\" data-name=\"your-message\"><textarea cols=\"40\" rows=\"10\" maxlength=\"2000\" class=\"wpcf7-form-control wpcf7-textarea\" aria-invalid=\"false\" name=\"your-message\"><\/textarea><\/span> <\/label>\n<\/p>\n<p><span class=\"wpcf7-form-control-wrap\" data-name=\"quizhpi\"><label><span class=\"wpcf7-quiz-label\">2 + 2 =<\/span> <input size=\"40\" class=\"wpcf7-form-control wpcf7-quiz\" autocomplete=\"off\" aria-required=\"true\" aria-invalid=\"false\" type=\"text\" name=\"quizhpi\" \/><\/label><input type=\"hidden\" name=\"_wpcf7_quiz_answer_quizhpi\" value=\"05f1e3c2bf9394b100881f304ea335df\" \/><\/span>\n<\/p>\n<p><input class=\"wpcf7-form-control wpcf7-submit has-spinner\" type=\"submit\" value=\"Envoyer\" \/>\n<\/p><p style=\"display: none !important;\" class=\"akismet-fields-container\" data-prefix=\"_wpcf7_ak_\"><label>&#916;<textarea name=\"_wpcf7_ak_hp_textarea\" cols=\"45\" rows=\"8\" maxlength=\"100\"><\/textarea><\/label><input type=\"hidden\" id=\"ak_js_1\" name=\"_wpcf7_ak_js\" value=\"56\"\/><script>document.getElementById( \"ak_js_1\" ).setAttribute( \"value\", ( new Date() ).getTime() );<\/script><\/p><div class=\"wpcf7-response-output\" aria-hidden=\"true\"><\/div>\n<input type=\"hidden\" name=\"trp-form-language\" value=\"fr\"\/><\/form>\n<\/div>\n<\/p>\n<p style=\"text-align: center;\"><em>This site is protected by reCAPTCHA <\/em><br \/><em>and the Google <a href=\"https:\/\/policies.google.com\/privacy\">Privacy Policy<\/a> et <a href=\"https:\/\/policies.google.com\/terms\">Terms of Service<\/a> apply.<\/em><\/p>\n\n\n<p><\/p>","protected":false},"excerpt":{"rendered":"<p>Visit H-Pi, Click links above. SERVICES :Linear or Interactive Music (Video Games, Movies, Ads,&#8230;) :from Budget Music ( with synthesizers, plugins)to Live Full Orchestra ScoreBass TrackingSound DesignVoice or Solo instruments Recording (Paris Suburb) For all enquiries, please use the form above : This site is protected by reCAPTCHA and the Google Privacy Policy and Terms &hellip; <\/p>\n<p class=\"link-more\"><a href=\"https:\/\/hpisound.com\/fr\/contact\/\" class=\"more-link\">Continuer la lecture<span class=\"screen-reader-text\"> de &laquo;&nbsp;Contact&nbsp;&raquo;<\/span><\/a><\/p>","protected":false},"author":1,"featured_media":0,"parent":0,"menu_order":0,"comment_status":"closed","ping_status":"closed","template":"","meta":{"footnotes":""},"class_list":["post-52","page","type-page","status-publish","hentry"],"_links":{"self":[{"href":"https:\/\/hpisound.com\/fr\/wp-json\/wp\/v2\/pages\/52","targetHints":{"allow":["GET"]}}],"collection":[{"href":"https:\/\/hpisound.com\/fr\/wp-json\/wp\/v2\/pages"}],"about":[{"href":"https:\/\/hpisound.com\/fr\/wp-json\/wp\/v2\/types\/page"}],"author":[{"embeddable":true,"href":"https:\/\/hpisound.com\/fr\/wp-json\/wp\/v2\/users\/1"}],"replies":[{"embeddable":true,"href":"https:\/\/hpisound.com\/fr\/wp-json\/wp\/v2\/comments?post=52"}],"version-history":[{"count":14,"href":"https:\/\/hpisound.com\/fr\/wp-json\/wp\/v2\/pages\/52\/revisions"}],"predecessor-version":[{"id":268,"href":"https:\/\/hpisound.com\/fr\/wp-json\/wp\/v2\/pages\/52\/revisions\/268"}],"wp:attachment":[{"href":"https:\/\/hpisound.com\/fr\/wp-json\/wp\/v2\/media?parent=52"}],"curies":[{"name":"wp","href":"https:\/\/api.w.org\/{rel}","templated":true}]}}