{"id":36,"date":"2018-06-25T15:37:06","date_gmt":"2018-06-25T13:37:06","guid":{"rendered":"http:\/\/www.hpisound.com\/?page_id=36"},"modified":"2024-10-21T18:08:02","modified_gmt":"2024-10-21T16:08:02","slug":"about","status":"publish","type":"page","link":"https:\/\/hpisound.com\/fr\/about\/","title":{"rendered":"Bio \/ Credits"},"content":{"rendered":"<p align=\"\\&quot;center\\&quot;\"><strong>Henri-Pierre Pellegrin<\/strong>, aka <strong>H-Pi<\/strong>, est un compositeur\/producteur\/multi-instrumentiste, plus connu pour son travail pour les <strong>jeux vid\u00e9o <\/strong>(<em>STYX 1 &amp; 2,\u00a0 Werewolf The Apocalypse Earthblood, Streets of Rage 4, Trackmania, Amour Sucr\u00e9,&#8230;<\/em>), et les<strong> s\u00e9ries TV anim\u00e9es<\/strong>\u00a0(<em>Le Coll\u00e8ge Noir, <\/em><em>1 Jour 1 Question,&#8230;<\/em>).<br \/>Un extrait de sa musique est utilis\u00e9e dans le film <strong>&#8220;ELLE&#8221;<\/strong> de Paul <strong>Verhoeven<\/strong>.<br \/>Il a jou\u00e9 comme bassiste ou clavi\u00e9riste dans diff\u00e9rents projets (<strong>Bass of Duty<\/strong>, Aeterna Hystoria). Henri-Pierre travaille aussi comme Sound Designer, sur certains projets.<\/p>\n<p align=\"\\&quot;center\\&quot;\"><img fetchpriority=\"high\" decoding=\"async\" class=\"aligncenter wp-image-3693 size-full\" src=\"https:\/\/hpisound.com\/wp-content\/uploads\/2024\/03\/home-768x400-1.jpg\" alt=\"\" width=\"768\" height=\"241\" srcset=\"https:\/\/hpisound.com\/wp-content\/uploads\/2024\/03\/home-768x400-1.jpg 768w, https:\/\/hpisound.com\/wp-content\/uploads\/2024\/03\/home-768x400-1-300x94.jpg 300w, https:\/\/hpisound.com\/wp-content\/uploads\/2024\/03\/home-768x400-1-18x6.jpg 18w\" sizes=\"(max-width: 767px) 89vw, (max-width: 1000px) 54vw, (max-width: 1071px) 543px, 580px\" \/><\/p>\n<p align=\"\\&quot;center\\&quot;\">N\u00e9 en 1980 et tr\u00e8s t\u00f4t int\u00e9ress\u00e9 par la musique, il apprend le<strong> piano<\/strong> d\u00e8s ses 7 ans, puis \u00e9tudie dans diff\u00e9rentes \u00e9coles de<strong> Jazz<\/strong> , tout en suivant un parcours universitaire en acoustique, audiovisuel et multim\u00e9dia, Puis il se sp\u00e9cialise en <strong>musique interactive<\/strong>. H-Pi commence sa carri\u00e8re de compositeur de Jeu Vid\u00e9o en<strong> 2003<\/strong>, avec <strong>&#8220;Trackmania&#8221;<\/strong>. De 2005 \u00e0 2009, Il a \u00e9t\u00e9 compositeur\/Designer sonore salari\u00e9 chez <a href=\"http:\/\/www.gameloft.com\\\" target=\"\\&quot;_blank\\&quot;\" rel=\"noopener noreferrer\"><strong>Gameloft<\/strong>,\u00a0<\/a>Puis il a rejoint<strong><a href=\"http:\/\/gameaudiofactory.com\" target=\"\\&quot;_blank\\&quot;\" rel=\"noopener noreferrer\"> Game Audio Factory<\/a><\/strong> en <strong>2010<\/strong>. Il est maintenant <strong>\u00e0 son compte<\/strong> depuis <strong>2015<\/strong>. Au fil du temps, il a compos\u00e9 une multitude de Bandes Originales dans des styles musicaux vari\u00e9s.<\/p>\n<p>Ses derni\u00e8res productions sont :<br \/>&#8211; <a href=\"https:\/\/hyperfollow.com\/LeCollegeNoir\" target=\"_blank\" rel=\"noopener\"><strong>Le Coll\u00e8ge Noir<\/strong><\/a><br \/><em>(S\u00e9rie TV anim\u00e9e co-produite par Studio La Cachette, Toei Animation, ADN)<\/em><br \/>&#8211; <a href=\"https:\/\/idol-io.ffm.to\/paradize\" target=\"_blank\" rel=\"noopener\"><strong>Welcome To ParadiZe<\/strong><\/a><br \/><em>(Jeu vid\u00e9o par Nacon\/Eko Software)<\/em><\/p>\n<p><strong>AWARDS :<\/strong><\/p>\n<p>&#8211; <a href=\"http:\/\/styx2.bandcamp.com\" target=\"_blank\" rel=\"noopener\">STYX Shards of Darkness<\/a> <em>( <\/em><strong><em>2017 Ping Award : <\/em><\/strong>Meilleure Bande Son ) -<strong> Winner<br \/><\/strong>&#8211; <a href=\"https:\/\/gameaudiofactory.bandcamp.com\/album\/styx-master-of-shadows-soundtrack\" target=\"_blank\" rel=\"noopener\">STYX Master of Shadows<\/a> ( <strong><em>2014 Ping Award<\/em> : <\/strong>Meilleure Bande Son ) - <em>Nominated<\/em><\/p>\n<p align=\"\\&quot;center\\&quot;\"><strong>H-Pi<\/strong> est un <strong>vrai musicien cam\u00e9l\u00e9on<\/strong>. Composer pour de nombreux projets lui a permis de d\u00e9montrer son talent pour m\u00e9langer une incroyable vari\u00e9t\u00e9 de styles musicaux dans son propre univers. Il a cette rare habilet\u00e9 \u00e0 rendre une production originale et son approche innovante de la musique l'a rendu de plus en plus demand\u00e9 pour les Bandes Originales de Jeu Vid\u00e9o.<\/p>\n<p align=\"\\&quot;center\\&quot;\"><img decoding=\"async\" class=\"aligncenter size-full wp-image-3700\" src=\"https:\/\/hpisound.com\/wp-content\/uploads\/2024\/03\/banner_768.jpg\" alt=\"\" width=\"768\" height=\"324\" srcset=\"https:\/\/hpisound.com\/wp-content\/uploads\/2024\/03\/banner_768.jpg 768w, https:\/\/hpisound.com\/wp-content\/uploads\/2024\/03\/banner_768-300x127.jpg 300w, https:\/\/hpisound.com\/wp-content\/uploads\/2024\/03\/banner_768-18x8.jpg 18w\" sizes=\"(max-width: 767px) 89vw, (max-width: 1000px) 54vw, (max-width: 1071px) 543px, 580px\" \/><\/p>\n<hr \/><hr \/>\n<p align=\"\\&quot;center\\&quot;\"><strong>Credits List\u00a0 :<\/strong><\/p>\n<p align=\"\\&quot;center\\&quot;\"><!--more--><\/p>\n<p align=\"\\&quot;center\\&quot;\"><small><em>Cliquer sur le Projet pour un extrait Audio :<\/em><\/small><small><\/small><small><\/small><\/p>\n<p><span style=\"color: #000000;\"><em><strong>2024 :<\/strong><\/em><\/span><\/p>\n<p><em><strong>TBA<\/strong>\u00a0 <small>(TBA) &#8211; PC<\/small><br \/><strong><a href=\"https:\/\/distrokid.com\/hyperfollow\/hpi1\/memoriapolis-original-game-soundtrack-vol-1\" target=\"_blank\" rel=\"noopener\">MemoriaPolis<\/a>\u00a0 <\/strong><small>(5PM Studio) &#8211; PC<br \/><\/small><\/em><em style=\"font-size: revert;\"><strong><a href=\"https:\/\/idol-io.ffm.to\/paradize\" target=\"_blank\" rel=\"noopener\">Welcome To ParadiZe<\/a>\u00a0<\/strong> <small> (Eko \/ Nacon) &#8211; PC,PS5,XBox\u00a0<br \/><\/small><\/em><em><a href=\"https:\/\/distrokid.com\/hyperfollow\/hpi1\/starlike--original-soundtrack-vol2\" target=\"_blank\" rel=\"noopener\"><strong>StarLike <\/strong><\/a><small>(ShadowMoon Studio) &#8211; Game<\/small><\/em><em style=\"font-size: revert;\"><small><em><small><br \/><\/small><\/em><\/small><\/em><em><strong><a href=\"https:\/\/distrokid.com\/hyperfollow\/hpi1\/whacking-hell-original-game-soundtrack\" target=\"_blank\" rel=\"noopener\">Whacking Hell !<\/a>\u00a0<\/strong><small>(Sanuk Games) &#8211; PC, Console<\/small><\/em><\/p>\n<p><span style=\"color: #000000;\"><em><strong>2023 :<\/strong><\/em><\/span><\/p>\n<p><em><a href=\"https:\/\/hyperfollow.com\/LeCollegeNoir\" target=\"_blank\" rel=\"noopener\"><strong>Le Coll\u00e8ge Noir<\/strong><\/a>\u00a0 <small>(Studio La Cachette\/Toei Animation\/ADN) &#8211; <strong>TV animated Serie<\/strong><br \/><\/small><\/em><em style=\"font-size: revert;\"><strong><em><a href=\"https:\/\/idol-io.link\/ChefLife_ST\" target=\"_blank\" rel=\"noopener\">ChefLife : A Restaurant Simulation<\/a>\u00a0<\/em><\/strong> <em><small>(Nacon Cyanide) &#8211;<\/small><\/em><strong><em><small> PC<\/small><\/em><br \/><\/strong><\/em><\/p>\n<p><span style=\"color: #000000;\"><em><strong>2022 :<\/strong><\/em><\/span><\/p>\n<p><em><strong><a href=\"https:\/\/distrokid.com\/hyperfollow\/hpi1\/wacky-battles-original-game-soundtrack\" target=\"_blank\" rel=\"noopener\">Wacky Battles<\/a>\u00a0 <\/strong><small>(Pop Screen) &#8211; Mobile<br \/><\/small><\/em><em style=\"font-size: revert;\"><strong><a href=\"https:\/\/hpisound.bandcamp.com\/album\/goblin-gladiators\" target=\"_blank\" rel=\"noopener\">Goblin Gladiators<\/a>\u00a0<\/strong> <small> (Runes Studio \/ Jetpack Collective) &#8211; PC<\/small><\/em><\/p>\n<p><!--more--><\/p>\n<p><em><strong>2021 :<\/strong><\/em><\/p>\n<p><a href=\"https:\/\/distrokid.com\/hyperfollow\/hpi1\/the-architect--paris-original-video-game-soundtrack\" target=\"_blank\" rel=\"noopener\"><strong>The Architect : Paris<\/strong><\/a> <em>(<small>Enodo Games<\/small><\/em>)- <em><small>PC<\/small><\/em><br \/><a href=\"https:\/\/werewolftheapocalypse.bandcamp.com\/\" target=\"_blank\" rel=\"noopener\"><strong>Werewolf The Apocalypse : Earthblood<\/strong><\/a> <em>(<small>Nacon\/Cyanide)<\/small><\/em>&#8211; <em><small>PC\/XBO\/PS4<\/small><\/em><\/p>\n<p><small><\/small><em><strong>2020 :<\/strong><\/em><\/p>\n<p><a href=\"https:\/\/distrokid.com\/hyperfollow\/hpi1\/streets-of-rage-4-cinematic-tracks\" target=\"_blank\" rel=\"noopener\"><strong>Streets of Rage 4<\/strong><\/a> <em>(In Game Cinematics) (<small>Dotemu\/Lizardcube\/Guard Crush) &#8211; PC\/XBO\/PS4\/Swi<\/small><br \/><\/em><\/p>\n<p><strong>2019 :<\/strong><\/p>\n<p><strong>Odysight<\/strong> <em>(Tilak) (iOS)<\/em><br \/>FDJ &#8211; 123 Safari (web)<br \/>FDJ &#8211; Tr\u00e9sors ensabl\u00e9s (web)<br \/>FDJ &#8211; \u00a8Pile up Donut (web)<br \/>&#8230;<\/p>\n<p><em><strong>2018 : <\/strong><\/em><\/p>\n<p><a href=\"https:\/\/bravefrontierthelastsummoner.bandcamp.com\/\" target=\"_blank\" rel=\"noopener noreferrer\"><strong>Brave Frontier : The Last Summoner<\/strong><\/a><small><em> (Gumi Europe) &#8211;<\/em> iOS<br \/><a href=\"https:\/\/www.youtube.com\/watch?v=-koYwevP-CI\" target=\"_blank\" rel=\"noopener\"><strong>Tennis Manager (2018 &#8211; 2019 &#8211; 2020) <\/strong><\/a>&#8211;\u00a0<em> (Rebound CG) &#8211;\u00a0 iOS\/PC<\/em><br \/><\/small><\/p>\n<p><strong>2017 :<br \/><\/strong><\/p>\n<p><strong>Dobble Duel<\/strong> <small> <em>(Asmodee) &#8211; <\/em>iOS<\/small><\/p>\n<p><em><strong>2016 :<\/strong><\/em><\/p>\n<p><strong><a href=\"http:\/\/styx2.bandcamp.com\" target=\"\\&quot;_blank\\&quot;\" rel=\"\\&quot;noopener noopener noreferrer\">STYX Shards of Darkness<\/a><\/strong><small>\u00a0<em>(Cyanide<\/em><em>\/<\/em><em>Focus)<\/em> &#8211; PC\/PS4\/XBO<br \/><\/small><a href=\"https:\/\/regalia-game.bandcamp.com\/\" target=\"\\&quot;_blank\\&quot;\" rel=\"\\&quot;noopener noopener noreferrer\"><strong>Regalia Of Men &amp; Monarchs<\/strong><\/a><small> <em>(Pixelated Milk)<\/em> &#8211; PC\/PSN<\/small><br \/><small><a href=\"https:\/\/www.youtube.com\/watch?v=vbxeWPCR3Ag\" target=\"\\&quot;_blank\\&quot;\" rel=\"\\&quot;noopener noopener noreferrer\"> <strong>Eldarya<\/strong><\/a> <em>(Beemoov)<\/em> &#8211; Web<\/small><\/p>\n<p><em><strong>2015 :<\/strong> <\/em><\/p>\n<p><a href=\"https:\/\/gameaudiofactory.bandcamp.com\/album\/monster-commander\" target=\"\\&quot;_blank\\&quot;\" rel=\"\\&quot;noopener noopener noreferrer\"><strong>Monster &amp; Commander<\/strong><\/a> <small><em>(OhBibi)<\/em> &#8211; iOS<br \/><strong>Tobo Emag 3-6<\/strong><em> (Milan Presse)<\/em> &#8211; iOS<\/small><br \/><small><strong>Tobo Emag 7-10<\/strong> <em>(Milan Presse)<\/em> &#8211; iOS<\/small><br \/><small><strong>Save Me Pythie<\/strong> <strong>(Slidy Book)<\/strong><em> (Beemoov)<\/em> &#8211; iOS<br \/><\/small><small><strong>Vis \u00e0 Vis (Slidy Book)<\/strong> <em>(Beemoov)<\/em> &#8211; iOS<br \/><\/small><small><strong>LetterWay<\/strong> <em>(Amusing Mind)<\/em> &#8211; iOS\/And<br \/><\/small><small><strong>Pastry Witch<em>\u00a0<\/em><\/strong><em> (Beemoov)<\/em> &#8211; iOS\/And<\/small><\/p>\n<p><em><strong>2014 :<\/strong><\/em><\/p>\n<p><strong><a href=\"https:\/\/gameaudiofactory.bandcamp.com\/album\/styx-master-of-shadows-soundtrack\" target=\"\\&quot;_blank\\&quot;\" rel=\"\\&quot;noopener noopener noreferrer\">STYX Master of Shadows<\/a><\/strong> <small><em>(Cyanide\/Focus)<\/em> &#8211; PC\/PS4\/XBO<\/small><br \/><strong> <a href=\"https:\/\/soundcloud.com\/h-pi\/tour-de-france-2014-menu-theme\" target=\"\\&quot;_blank\\&quot;\" rel=\"\\&quot;noopener noopener noreferrer\">Tour de France 2014<\/a> <\/strong><small><em>(Cyanide\/Focus)<\/em> &#8211; PC\/PS4\/XBO<strong><br \/><a href=\"https:\/\/soundcloud.com\/h-pi\/sets\/cromimi-ost\" target=\"\\&quot;_blank\\&quot;\" rel=\"\\&quot;noopener noopener noreferrer\">CroMimi Life<\/a><\/strong> <em>(Beemoov)<\/em> &#8211; iOS\/And<br \/><\/small><small><a href=\"https:\/\/soundcloud.com\/h-pi\/sets\/kindly-colors-ost\" target=\"\\&quot;_blank\\&quot;\" rel=\"\\&quot;noopener noopener noreferrer\"><strong>Kindly Colors<\/strong> <\/a><em>(Amusing Mind)<\/em> &#8211; iOS\/And<\/small><br \/><small><strong><a href=\"https:\/\/soundcloud.com\/h-pi\/sets\/grapes-issue-ost\" target=\"\\&quot;_blank\\&quot;\" rel=\"\\&quot;noopener noopener noreferrer\">Grapes Issue<\/a> <\/strong><em>(Equilibre Games)<\/em> &#8211; And<\/small><br \/><small><strong><a href=\"https:\/\/soundcloud.com\/h-pi\/sets\/gourmet-quest-ost\" target=\"\\&quot;_blank\\&quot;\" rel=\"\\&quot;noopener noopener noreferrer\">Gourmet Quest<\/a> <\/strong><em>(Xiwen Games)<\/em> &#8211; Web<\/small><br \/><small><strong><a href=\"https:\/\/soundcloud.com\/h-pi\/dogs-of-war-online-main-theme\" target=\"\\&quot;_blank\\&quot;\" rel=\"\\&quot;noopener noopener noreferrer\">Dogs of War<\/a><\/strong> (<em>Cyanide)<\/em> &#8211; Web<\/small><\/p>\n<p><em><strong>2013 :<\/strong><\/em><br \/><strong><a href=\"https:\/\/gameaudiofactory.bandcamp.com\/album\/aarklash-legacy-soundtrack\" target=\"\\&quot;_blank\\&quot;\" rel=\"\\&quot;noopener noopener noreferrer\">Aarklash Legacy <\/a><\/strong><small><em>(Cyanide)<\/em> &#8211; PC<\/small><br \/><small><strong><a href=\"https:\/\/soundcloud.com\/h-pi\/sets\/naughty-boy-original\" target=\"\\&quot;_blank\\&quot;\" rel=\"\\&quot;noopener noopener noreferrer\">Naughty Boy<\/a> <\/strong><em>(Heliceum)<\/em> &#8211; iOS\/And<\/small><br \/><small><strong> Bonheur de Lire<\/strong><em> (Seven Academy)<\/em> &#8211; iOS\/Android<\/small><br \/><small><strong>Tic Toc Time<\/strong><em> (Seven Academy)<\/em> &#8211; iOS\/Android<\/small><br \/><small> <a href=\"https:\/\/gameaudiofactory.bandcamp.com\/album\/seven-academy-soundtrack\" target=\"\\&quot;_blank\\&quot;\" rel=\"\\&quot;noopener noopener noreferrer\">Discover Paris\/USA <\/a><em>(Seven Academy)<\/em> &#8211; iOS\/Android<\/small><br \/><small> <a href=\"https:\/\/gameaudiofactory.bandcamp.com\/album\/seven-academy-soundtrack\" target=\"\\&quot;_blank\\&quot;\" rel=\"\\&quot;noopener noopener noreferrer\">Count up To Ten<\/a> <em>(Seven Academy)<\/em> &#8211; iOS\/Android<\/small><\/p>\n<p><em><strong>2012 :<\/strong><\/em><\/p>\n<p><small><a href=\"https:\/\/gameaudiofactory.bandcamp.com\/album\/runsanity-soundtrack\" target=\"\\&quot;_blank\\&quot;\" rel=\"\\&quot;noopener noopener noreferrer\">Runsanity <\/a><em>(Heliceum)<\/em> &#8211; iOS\/Android<\/small><br \/><a href=\"https:\/\/soundcloud.com\/h-pi\/sets\/urban-rivals-original-new\" target=\"\\&quot;_blank\\&quot;\" rel=\"\\&quot;noopener noopener noreferrer\">Urban Rivals<\/a><small> <em>(Boostr)<\/em> &#8211; PC\/iOS\/And<\/small><br \/><strong><a href=\"https:\/\/gameaudiofactory.bandcamp.com\/album\/fantasy-rivals-soundtrack\" target=\"\\&quot;_blank\\&quot;\" rel=\"\\&quot;noopener noopener noreferrer\">Fantasy Rivals<\/a> <\/strong><small><em>(Boostr)<\/em> &#8211; PC\/iOS\/And<\/small><br \/><a href=\"https:\/\/soundcloud.com\/h-pi\/sets\/mobiclic-various-tracks-1\" target=\"\\&quot;_blank\\&quot;\" rel=\"\\&quot;noopener noopener noreferrer\">Mobiclic n\u00b065&#8211;&gt;174<\/a> <small><em>(Milan Presse)<\/em> &#8211; Cd-Rom<br \/><\/small><a href=\"https:\/\/soundcloud.com\/h-pi\/sets\/toboclic-various-tracks\" target=\"\\&quot;_blank\\&quot;\" rel=\"\\&quot;noopener noopener noreferrer\">Toboclic n\u00b040&#8211;&gt;127 <\/a><small><em>(Milan Presse)<\/em> &#8211; Cd-Rom<\/small><br \/><small><a href=\"https:\/\/soundcloud.com\/h-pi\/sets\/bubble-blast-rescue-original\" target=\"\\&quot;_blank\\&quot;\" rel=\"\\&quot;noopener noopener noreferrer\">Bubble Blast Rescue <\/a><em>(Magma Mobile)<\/em> &#8211; iOS<\/small><\/p>\n<p><em><strong>2011 :<\/strong><\/em><\/p>\n<p><small><a href=\"https:\/\/soundcloud.com\/h-pi\/sets\/sanuk\" target=\"\\&quot;_blank\\&quot;\" rel=\"\\&quot;noopener noopener noreferrer\">Arcadia Hospital<\/a> <em>(Sanuk Games)<\/em> &#8211; PC<\/small><br \/><small><strong> B2P<\/strong> <em>(GamePulp)<\/em> &#8211; iOS<\/small><br \/><a href=\"https:\/\/soundcloud.com\/h-pi\/sets\/alcatraz-breakout-konami\" target=\"\\&quot;_blank\\&quot;\" rel=\"\\&quot;noopener noopener noreferrer\">Alcatraz Break Out<\/a> <small><em>(Konami)<\/em> &#8211; iOS<\/small><br \/><strong>HappyLife<\/strong><small> <em>(Humano Games)<\/em> &#8211; Web<\/small><br \/><small>Reductor <em>(GamePulp)<\/em> &#8211; iOS<\/small><br \/><a href=\"https:\/\/distrokid.com\/hyperfollow\/hpi1\/amour-sucr-original-video-game-soundtrack\" target=\"_blank\" rel=\"\\&quot;noopener noopener noreferrer\">Amour Sucr\u00e9<\/a> <small><em>(Beemoov)<\/em> &#8211; Web\/Anime<\/small><br \/><small><strong>Secteur 18<\/strong> <em>(Beemoov)<\/em> &#8211; web<\/small><br \/><small><a href=\"https:\/\/soundcloud.com\/h-pi\/sets\/cromimi-ost\" target=\"\\&quot;_blank\\&quot;\" rel=\"\\&quot;noopener noopener noreferrer\">Cro Mimi<\/a> <em>(Beemoov)<\/em> &#8211; web<\/small><br \/><small>Ma Bimbo <em>(Beemoov)<\/em> &#8211; web<\/small><\/p>\n<p><em><strong>2010 :<\/strong><\/em><\/p>\n<p><small><strong>Via Mortis (McComicBook)<\/strong><em> (Tekneo)<\/em> &#8211; iOS<\/small><br \/><small><strong><a href=\"https:\/\/soundcloud.com\/h-pi\/mc-comic-book-imaginations?in=h-pi\/sets\/mcomics-nomadbook-various-ost\" target=\"\\&quot;_blank\\&quot;\" rel=\"\\&quot;noopener noopener noreferrer\">Imaginations<\/a> (McComicBook)<\/strong><em> (Tekneo)<\/em> &#8211; iOS<\/small><small><strong><br \/>Broadunoard (McComicBook)<\/strong><em> (Tekneo)<\/em> &#8211; iOS<\/small><br \/><small><strong> Dynamo (McComicBook) <\/strong><em>(Tekneo)<\/em> &#8211; iOS<\/small><br \/><small><strong> Polo (McComicBook)<\/strong><em> (Tekneo)<\/em> &#8211; iOS<\/small><br \/><small><strong>Fergus (McComicBook)<\/strong><em> (Tekneo)<\/em> &#8211; iOS<\/small><br \/><small><strong> <a href=\"https:\/\/soundcloud.com\/h-pi\/mc-comic-book-fate-spinner?in=h-pi\/sets\/mcomics-nomadbook-various-ost\" target=\"\\&quot;_blank\\&quot;\" rel=\"\\&quot;noopener noopener noreferrer\">Fate Spinner<\/a> (McComicBook)<\/strong> <em>(Tekneo)<\/em> &#8211; iOS<\/small><br \/><small><strong> M6 Deco<\/strong> <em>(MediaStay)<\/em> &#8211; web<\/small><br \/><small><a href=\"https:\/\/soundcloud.com\/h-pi\/sets\/divinitiz-facebook-game-ost\" target=\"\\&quot;_blank\\&quot;\" rel=\"\\&quot;noopener noopener noreferrer\">DivinitiZ<\/a> <em>(Mandala Games)<\/em> &#8211; web<\/small><br \/><a href=\"https:\/\/soundcloud.com\/h-pi\/sets\/laser-dance-robberies-konami\" target=\"_blank\" rel=\"\\&quot;noopener noopener noreferrer\">Laserdance Robberries<\/a> <small><em>(Konami)<\/em> &#8211; iOS<\/small><br \/><small>Waf Waf <em>(Beemoov)<\/em> &#8211; web<\/small><br \/><small>Gate 4 Wars <em>(Beemoov)<\/em> &#8211; web<\/small><br \/><small><a href=\"https:\/\/www.youtube.com\/watch?v=1X1PWbentJw\" target=\"_blank\" rel=\"\\&quot;noopener noopener noreferrer\">Rue du Fric<\/a><em> (Beemoov)<\/em> &#8211; web<\/small><br \/><strong>My Baby 2<\/strong><small><em> (Dancin Dots\/Nobilis)<\/em> &#8211; NDS<\/small><\/p>\n<p><em><strong>2005&#8211;2009 (The &#8220;Gameloft&#8221; Years)\u00a0 :<\/strong><\/em><\/p>\n<p><small><strong>Gameloft Play!<\/strong> <em>(Gameloft)<\/em> &#8211; NDS<br \/><\/small><small><strong>Miami Nights<\/strong> <em>(Gameloft)<\/em> &#8211; NDS<\/small><br \/><small><a href=\"https:\/\/soundcloud.com\/h-pi\/pocket-chef-trailer-music?in=h-pi\/sets\/various-music-for-trailers\" target=\"_blank\" rel=\"\\&quot;noopener noopener noreferrer\">Pocket Chef<\/a> <em>(Gameloft)<\/em> &#8211; Cell<\/small><br \/><small><strong>Spring Break Fever<\/strong> <em>(Gameloft)<\/em> &#8211; Cell<\/small><br \/><small><strong>Spooks (Mi5)<\/strong> <em>(Gameloft)<\/em> &#8211; Cell<\/small><br \/><small><strong>Platinum Sudoku 2<\/strong> <em>(Gameloft)<\/em> &#8211; Cell<\/small><br \/><small><strong>Midnight Poker 3D<\/strong> <em>(Gameloft)<\/em> &#8211; Cell<\/small><br \/><a href=\"https:\/\/soundcloud.com\/h-pi\/sets\/bubble-bash-gameloft-iphone\" target=\"_blank\" rel=\"\\&quot;noopener noopener noreferrer\">Bubble Bash<\/a><small> <em>(Gameloft)<\/em> &#8211; iOS\/Cell<\/small><br \/><small><a href=\"https:\/\/soundcloud.com\/h-pi\/sets\/wonder-blocks-gameloft\" target=\"_blank\" rel=\"\\&quot;noopener noopener noreferrer\">Wonder Blocks<\/a> <em>(Gameloft)<\/em> &#8211; iOS\/Cell<\/small><br \/><small><a href=\"https:\/\/soundcloud.com\/h-pi\/sets\/oregon-trail-gameloft-ost\" target=\"_blank\" rel=\"\\&quot;noopener noopener noreferrer\">Oregon Trail <\/a><em>(Gameloft)<\/em> &#8211; iOS<\/small><br \/><small><strong>Platinum Kakuro<\/strong><em> (Gameloft)<\/em> &#8211; Cell<\/small><br \/><small><strong> Spring Break 2<\/strong> <em>(Gameloft)<\/em> &#8211; Cell<\/small><br \/><small><a href=\"https:\/\/soundcloud.com\/h-pi\/pro-rally-racing-trailer-music?in=h-pi\/sets\/various-music-for-trailers\" target=\"_blank\" rel=\"\\&quot;noopener noopener noreferrer\">Pro Rally Racing<\/a> <em>(Gameloft)<\/em> &#8211; Cell<\/small><br \/><small><strong>Pirates of the 7 seas<\/strong> <em>(Gameloft)<\/em> &#8211; Cell<\/small><br \/><small><strong>Hulkmania<\/strong> <em>(Gameloft)<\/em> &#8211; Cell<\/small><br \/><small><a href=\"https:\/\/soundcloud.com\/h-pi\/lucha-libre-trailer-music?in=h-pi\/sets\/various-music-for-trailers\" target=\"_blank\" rel=\"\\&quot;noopener noopener noreferrer\">Lucha Libre <\/a><em>(Gameloft)<\/em> &#8211; Cell<\/small><br \/><small><strong>Rock\\&#8217;n\\&#8217;Blocks<\/strong> <em>(Gameloft)<\/em> &#8211; Cell<\/small><br \/><small><strong>Tennis Open 2007<\/strong><em> (Gameloft)<\/em> &#8211; Cell<\/small><br \/><small><strong>Turbo Jetski 3D<\/strong> <em>(Gameloft)<\/em> &#8211; Cell<\/small><br \/><small><strong>Real Football 2006<\/strong> <em>(Gameloft)<\/em> &#8211; Cell<\/small><br \/><small><strong>Midgnight Sudoku<\/strong><em> (Gameloft)<\/em> &#8211; NDS<\/small><br \/>Brain Challenge <small><em>(Gameloft)<\/em> &#8211; XBLA\/PSN\/DS\/PC\/iOS\/Cell<\/small><br \/><small><strong>Lumines<\/strong><em> (Gameloft)<\/em> &#8211; Cell<\/small><br \/><a href=\"https:\/\/soundcloud.com\/h-pi\/sets\/rayman-kart-gameloft-original\" target=\"\\&quot;_blank\\&quot;\" rel=\"\\&quot;noopener noopener noreferrer\">Rayman Kart <\/a><small><em>(Gameloft)<\/em> &#8211; Cell<\/small><br \/><small><a href=\"https:\/\/soundcloud.com\/h-pi\/rainbow-6-vegas-trailer-music?in=h-pi\/sets\/various-music-for-trailers\" target=\"_blank\" rel=\"\\&quot;noopener noopener noreferrer\">Rainbow Six Vegas <\/a><em>(Gameloft)<\/em> &#8211; Cell<\/small><br \/><small><a href=\"https:\/\/soundcloud.com\/h-pi\/splinter-cell-double-agent?in=h-pi\/sets\/various-music-for-trailers\" target=\"_blank\" rel=\"noopener\">Splinter Cell Double Agent <\/a><em>(Gameloft)<\/em> &#8211; Cell<\/small><br \/><small><strong>And1 Streetball<\/strong> <em>(Gameloft)<\/em> &#8211; Cell<\/small><br \/><small><a href=\"https:\/\/soundcloud.com\/h-pi\/sets\/mystery-mansion-pinball-ipod\" target=\"\\&quot;_blank\\&quot;\" rel=\"\\&quot;noopener noopener noreferrer\">Pinball Mystery Mansion <\/a><em>(Gameloft)<\/em> &#8211; iOS<\/small><\/p>\n<p><em><strong>2003 :<\/strong><\/em><\/p>\n<p><small><a href=\"https:\/\/distrokid.com\/hyperfollow\/hpi1\/trackmania-original-video-game-soundtrack\" target=\"_blank\" rel=\"\\&quot;noopener noopener noreferrer\">Trackmania Original<\/a> <em>(Nadeo\/Focus)<\/em> &#8211; PC<\/small><br \/><a href=\"https:\/\/distrokid.com\/hyperfollow\/hpi1\/trackmania-original-video-game-soundtrack\" target=\"_blank\" rel=\"\\&quot;noopener noopener noreferrer\">Trackmania<\/a><small><em> (Nadeo\/Focus)<\/em> &#8211; PC<\/small><br \/><a href=\"https:\/\/soundcloud.com\/h-pi\/virtual-skipper-3-menu-theme\" target=\"_blank\" rel=\"noopener\"><strong>Virtual Skipper 3<\/strong><\/a><small><em> (Nadeo\/Focus)<\/em> &#8211; PC<\/small><\/p>\n<p><em><strong>ALBUMS :<\/strong><\/em><\/p>\n<p><a href=\"http:\/\/www.deezer.com\/album\/1199132\" target=\"\\&quot;_blank\\&quot;\" rel=\"\\&quot;noopener noopener noreferrer\">Discloser <\/a><small>&#8211; T.O.Y. TV <em>(M&amp;O Music)<\/em><\/small><br \/><small><a href=\"http:\/\/www.deezer.com\/album\/496821\" target=\"\\&quot;_blank\\&quot;\" rel=\"\\&quot;noopener noopener noreferrer\">Aeterna Hystoria<\/a> &#8211; Legends of Aushpaal <em>(M&amp;O Music)<\/em><\/small><br \/><small><a href=\"https:\/\/germanpredator.bandcamp.com\" target=\"\\&quot;_blank\\&quot;\" rel=\"\\&quot;noopener noopener noreferrer\">German Predator<\/a> &#8211; Dance in Underwear <em>(Mus1)<\/em><\/small><\/p>\n<p><strong><em>FILMS \/ T\u00e9l\u00e9vision :<\/em><\/strong><\/p>\n<p><a href=\"https:\/\/distrokid.com\/hyperfollow\/hpi1\/1-jour-1-question-gnrique-tv-version-instrumentale\" target=\"_blank\" rel=\"\\&quot;noopener noopener noreferrer\">1 Jour 1 Question<\/a><small><em> (Milan \/ France Televisions)<\/em> France 4\/YT<\/small><br \/><small><a href=\"https:\/\/www.youtube.com\/channel\/UCtj87j3r5KjTEsT7fb6BmIA\" target=\"\\&quot;_blank\\&quot;\" rel=\"\\&quot;noopener noopener noreferrer\">Rufo en dit Trop<\/a> <em>(Milan)<\/em> &#8211; YT<\/small><br \/><small>Action Internationale du secours catholique\u00a0 <em>(Caritas)<\/em> &#8211; DVD<\/small><br \/><small>Free Jazz Requiem <em>(Student Movie)<\/em><\/small><\/p>\n\n\n<p><\/p>","protected":false},"excerpt":{"rendered":"<p>Henri-Pierre Pellegrin, aka H-Pi, is a french composer\/producer\/multi-instrumentalist, best known for his work in Video Games (STYX 1 &amp; 2,\u00a0 Werewolf The Apocalypse Earthblood, Streets of Rage 4, Trackmania, Amour Sucr\u00e9,&#8230;), and Animated TV Series\u00a0(Le Coll\u00e8ge Noir, 1 Jour 1 Question,&#8230;).A fragment of his work is used in the movie &#8220;ELLE&#8221; by Paul Verhoeven.He performed &hellip; <\/p>\n<p class=\"link-more\"><a href=\"https:\/\/hpisound.com\/fr\/about\/\" class=\"more-link\">Continuer la lecture<span class=\"screen-reader-text\"> de &laquo;&nbsp;Bio \/ Credits&nbsp;&raquo;<\/span><\/a><\/p>","protected":false},"author":1,"featured_media":0,"parent":0,"menu_order":0,"comment_status":"closed","ping_status":"closed","template":"","meta":{"footnotes":""},"class_list":["post-36","page","type-page","status-publish","hentry"],"_links":{"self":[{"href":"https:\/\/hpisound.com\/fr\/wp-json\/wp\/v2\/pages\/36","targetHints":{"allow":["GET"]}}],"collection":[{"href":"https:\/\/hpisound.com\/fr\/wp-json\/wp\/v2\/pages"}],"about":[{"href":"https:\/\/hpisound.com\/fr\/wp-json\/wp\/v2\/types\/page"}],"author":[{"embeddable":true,"href":"https:\/\/hpisound.com\/fr\/wp-json\/wp\/v2\/users\/1"}],"replies":[{"embeddable":true,"href":"https:\/\/hpisound.com\/fr\/wp-json\/wp\/v2\/comments?post=36"}],"version-history":[{"count":58,"href":"https:\/\/hpisound.com\/fr\/wp-json\/wp\/v2\/pages\/36\/revisions"}],"predecessor-version":[{"id":3753,"href":"https:\/\/hpisound.com\/fr\/wp-json\/wp\/v2\/pages\/36\/revisions\/3753"}],"wp:attachment":[{"href":"https:\/\/hpisound.com\/fr\/wp-json\/wp\/v2\/media?parent=36"}],"curies":[{"name":"wp","href":"https:\/\/api.w.org\/{rel}","templated":true}]}}